{"id":216,"date":"2024-01-26T12:26:57","date_gmt":"2024-01-26T12:26:57","guid":{"rendered":"http:\/\/haus-inspektor.com\/?page_id=216"},"modified":"2024-02-08T07:21:19","modified_gmt":"2024-02-08T07:21:19","slug":"objektive-gutachten-und-beweissicherung","status":"publish","type":"page","link":"https:\/\/haus-inspektor.com\/index.php\/objektive-gutachten-und-beweissicherung\/","title":{"rendered":"Objektive Gutachten und Beweissicherung"},"content":{"rendered":"\t\t<div data-elementor-type=\"wp-page\" data-elementor-id=\"216\" class=\"elementor elementor-216\" data-elementor-post-type=\"page\">\n\t\t\t\t\t\t<section class=\"elementor-section elementor-top-section elementor-element elementor-element-2ffe88c6 elementor-section-boxed elementor-section-height-default elementor-section-height-default\" data-id=\"2ffe88c6\" data-element_type=\"section\" data-e-type=\"section\" data-settings=\"{&quot;background_background&quot;:&quot;classic&quot;}\">\n\t\t\t\t\t\t\t<div class=\"elementor-background-overlay\"><\/div>\n\t\t\t\t\t\t\t<div class=\"elementor-container elementor-column-gap-default\">\n\t\t\t\t\t<div class=\"elementor-column elementor-col-100 elementor-top-column elementor-element elementor-element-10762b26\" data-id=\"10762b26\" data-element_type=\"column\" data-e-type=\"column\">\n\t\t\t<div class=\"elementor-widget-wrap elementor-element-populated\">\n\t\t\t\t\t\t<section class=\"elementor-section elementor-inner-section elementor-element elementor-element-7fa5bf39 elementor-section-boxed elementor-section-height-default elementor-section-height-default\" data-id=\"7fa5bf39\" data-element_type=\"section\" data-e-type=\"section\">\n\t\t\t\t\t\t<div class=\"elementor-container elementor-column-gap-default\">\n\t\t\t\t\t<div class=\"elementor-column elementor-col-100 elementor-inner-column elementor-element elementor-element-5f7eaff1\" data-id=\"5f7eaff1\" data-element_type=\"column\" data-e-type=\"column\">\n\t\t\t<div class=\"elementor-widget-wrap elementor-element-populated\">\n\t\t\t\t\t\t<div class=\"elementor-element elementor-element-e45bbbd elementor-widget elementor-widget-heading\" data-id=\"e45bbbd\" data-element_type=\"widget\" data-e-type=\"widget\" data-widget_type=\"heading.default\">\n\t\t\t\t<div class=\"elementor-widget-container\">\n\t\t\t\t\t<h2 class=\"elementor-heading-title elementor-size-default\">Objektive Gutachten und Beweissicherung<\/h2>\t\t\t\t<\/div>\n\t\t\t\t<\/div>\n\t\t\t\t\t<\/div>\n\t\t<\/div>\n\t\t\t\t\t<\/div>\n\t\t<\/section>\n\t\t\t\t<div class=\"elementor-element elementor-element-4db1337c elementor-absolute elementor-widget elementor-widget-image\" data-id=\"4db1337c\" data-element_type=\"widget\" data-e-type=\"widget\" data-settings=\"{&quot;_position&quot;:&quot;absolute&quot;}\" data-widget_type=\"image.default\">\n\t\t\t\t<div class=\"elementor-widget-container\">\n\t\t\t\t\t\t\t\t\t\t\t\t\t\t\t<img decoding=\"async\" width=\"24\" height=\"14\" src=\"https:\/\/haus-inspektor.com\/wp-content\/uploads\/2023\/12\/01.png\" class=\"attachment-large size-large wp-image-171\" alt=\"\" \/>\t\t\t\t\t\t\t\t\t\t\t\t\t\t\t<\/div>\n\t\t\t\t<\/div>\n\t\t\t\t\t<\/div>\n\t\t<\/div>\n\t\t\t\t\t<\/div>\n\t\t<\/section>\n\t\t\t\t<section class=\"elementor-section elementor-top-section elementor-element elementor-element-e2eeeb9 elementor-section-boxed elementor-section-height-default elementor-section-height-default\" data-id=\"e2eeeb9\" data-element_type=\"section\" data-e-type=\"section\" data-settings=\"{&quot;background_background&quot;:&quot;classic&quot;}\">\n\t\t\t\t\t\t<div class=\"elementor-container elementor-column-gap-default\">\n\t\t\t\t\t<div class=\"elementor-column elementor-col-100 elementor-top-column elementor-element elementor-element-c0cce99\" data-id=\"c0cce99\" data-element_type=\"column\" data-e-type=\"column\" data-settings=\"{&quot;background_background&quot;:&quot;classic&quot;}\">\n\t\t\t<div class=\"elementor-widget-wrap elementor-element-populated\">\n\t\t\t\t\t\t<section class=\"elementor-section elementor-inner-section elementor-element elementor-element-2c22ca7 elementor-section-boxed elementor-section-height-default elementor-section-height-default\" data-id=\"2c22ca7\" data-element_type=\"section\" data-e-type=\"section\">\n\t\t\t\t\t\t<div class=\"elementor-container elementor-column-gap-default\">\n\t\t\t\t\t<div class=\"elementor-column elementor-col-50 elementor-inner-column elementor-element elementor-element-22ef5ea\" data-id=\"22ef5ea\" data-element_type=\"column\" data-e-type=\"column\">\n\t\t\t<div class=\"elementor-widget-wrap elementor-element-populated\">\n\t\t\t\t\t\t<div class=\"elementor-element elementor-element-1f7336d elementor-widget elementor-widget-heading\" data-id=\"1f7336d\" data-element_type=\"widget\" data-e-type=\"widget\" data-widget_type=\"heading.default\">\n\t\t\t\t<div class=\"elementor-widget-container\">\n\t\t\t\t\t<h2 class=\"elementor-heading-title elementor-size-default\">Objektive <span>Gutachten <\/span> <br> und Beweissicherung<\/h2>\t\t\t\t<\/div>\n\t\t\t\t<\/div>\n\t\t\t\t<div class=\"elementor-element elementor-element-f9982b6 elementor-widget-divider--view-line elementor-widget elementor-widget-divider\" data-id=\"f9982b6\" data-element_type=\"widget\" data-e-type=\"widget\" data-widget_type=\"divider.default\">\n\t\t\t\t<div class=\"elementor-widget-container\">\n\t\t\t\t\t\t\t<div class=\"elementor-divider\">\n\t\t\t<span class=\"elementor-divider-separator\">\n\t\t\t\t\t\t<\/span>\n\t\t<\/div>\n\t\t\t\t\t\t<\/div>\n\t\t\t\t<\/div>\n\t\t\t\t\t<\/div>\n\t\t<\/div>\n\t\t\t\t<div class=\"elementor-column elementor-col-50 elementor-inner-column elementor-element elementor-element-50a1bd7\" data-id=\"50a1bd7\" data-element_type=\"column\" data-e-type=\"column\">\n\t\t\t<div class=\"elementor-widget-wrap elementor-element-populated\">\n\t\t\t\t\t\t<div class=\"elementor-element elementor-element-0bce6e3 elementor-widget elementor-widget-text-editor\" data-id=\"0bce6e3\" data-element_type=\"widget\" data-e-type=\"widget\" data-widget_type=\"text-editor.default\">\n\t\t\t\t<div class=\"elementor-widget-container\">\n\t\t\t\t\t\t\t\t\t<p>In s\u00e4mtlichen Phasen Ihres Bauprojekts unterst\u00fctze ich Sie mit pr\u00e4zisen Gutachten und zuverl\u00e4ssiger Beweissicherung. Meine Expertise zielt darauf ab, sicherzustellen, dass Ihr Vorhaben h\u00f6chsten Standards entspricht.<\/p>\t\t\t\t\t\t\t\t<\/div>\n\t\t\t\t<\/div>\n\t\t\t\t\t<\/div>\n\t\t<\/div>\n\t\t\t\t\t<\/div>\n\t\t<\/section>\n\t\t\t\t\t<\/div>\n\t\t<\/div>\n\t\t\t\t\t<\/div>\n\t\t<\/section>\n\t\t\t\t<section class=\"elementor-section elementor-top-section elementor-element elementor-element-7c342f6c elementor-section-boxed elementor-section-height-default elementor-section-height-default\" data-id=\"7c342f6c\" data-element_type=\"section\" data-e-type=\"section\" data-settings=\"{&quot;background_background&quot;:&quot;classic&quot;}\">\n\t\t\t\t\t\t<div class=\"elementor-container elementor-column-gap-no\">\n\t\t\t\t\t<div class=\"elementor-column elementor-col-100 elementor-top-column elementor-element elementor-element-5e74f10e\" data-id=\"5e74f10e\" data-element_type=\"column\" data-e-type=\"column\" data-settings=\"{&quot;background_background&quot;:&quot;classic&quot;}\">\n\t\t\t<div class=\"elementor-widget-wrap elementor-element-populated\">\n\t\t\t\t\t\t<div class=\"elementor-element elementor-element-1988b469 elementor-absolute e-transform elementor-hidden-tablet elementor-hidden-mobile elementor-widget elementor-widget-image\" data-id=\"1988b469\" data-element_type=\"widget\" data-e-type=\"widget\" data-settings=\"{&quot;_position&quot;:&quot;absolute&quot;,&quot;_transform_rotateZ_effect&quot;:{&quot;unit&quot;:&quot;px&quot;,&quot;size&quot;:180,&quot;sizes&quot;:[]},&quot;_transform_rotateZ_effect_tablet&quot;:{&quot;unit&quot;:&quot;deg&quot;,&quot;size&quot;:&quot;&quot;,&quot;sizes&quot;:[]},&quot;_transform_rotateZ_effect_mobile&quot;:{&quot;unit&quot;:&quot;deg&quot;,&quot;size&quot;:&quot;&quot;,&quot;sizes&quot;:[]}}\" data-widget_type=\"image.default\">\n\t\t\t\t<div class=\"elementor-widget-container\">\n\t\t\t\t\t\t\t\t\t\t\t\t\t\t\t<img decoding=\"async\" width=\"800\" height=\"7\" src=\"https:\/\/haus-inspektor.com\/wp-content\/uploads\/2023\/12\/Group-1413371882-1024x9.png\" class=\"attachment-large size-large wp-image-38\" alt=\"\" srcset=\"https:\/\/haus-inspektor.com\/wp-content\/uploads\/2023\/12\/Group-1413371882-1024x9.png 1024w, https:\/\/haus-inspektor.com\/wp-content\/uploads\/2023\/12\/Group-1413371882-300x3.png 300w, https:\/\/haus-inspektor.com\/wp-content\/uploads\/2023\/12\/Group-1413371882-768x7.png 768w, https:\/\/haus-inspektor.com\/wp-content\/uploads\/2023\/12\/Group-1413371882-1536x14.png 1536w, https:\/\/haus-inspektor.com\/wp-content\/uploads\/2023\/12\/Group-1413371882.png 1760w\" sizes=\"(max-width: 800px) 100vw, 800px\" \/>\t\t\t\t\t\t\t\t\t\t\t\t\t\t\t<\/div>\n\t\t\t\t<\/div>\n\t\t\t\t<section class=\"elementor-section elementor-inner-section elementor-element elementor-element-4d64e63e elementor-section-boxed elementor-section-height-default elementor-section-height-default\" data-id=\"4d64e63e\" data-element_type=\"section\" data-e-type=\"section\">\n\t\t\t\t\t\t<div class=\"elementor-container elementor-column-gap-no\">\n\t\t\t\t\t<div class=\"elementor-column elementor-col-100 elementor-inner-column elementor-element elementor-element-516ac2cf\" data-id=\"516ac2cf\" data-element_type=\"column\" data-e-type=\"column\">\n\t\t\t<div class=\"elementor-widget-wrap elementor-element-populated\">\n\t\t\t\t\t\t<div class=\"elementor-element elementor-element-67fcfd0a elementor-widget elementor-widget-gallery\" data-id=\"67fcfd0a\" data-element_type=\"widget\" data-e-type=\"widget\" data-settings=\"{&quot;lazyload&quot;:&quot;yes&quot;,&quot;gallery_layout&quot;:&quot;grid&quot;,&quot;columns&quot;:4,&quot;columns_tablet&quot;:2,&quot;columns_mobile&quot;:1,&quot;gap&quot;:{&quot;unit&quot;:&quot;px&quot;,&quot;size&quot;:10,&quot;sizes&quot;:[]},&quot;gap_tablet&quot;:{&quot;unit&quot;:&quot;px&quot;,&quot;size&quot;:10,&quot;sizes&quot;:[]},&quot;gap_mobile&quot;:{&quot;unit&quot;:&quot;px&quot;,&quot;size&quot;:10,&quot;sizes&quot;:[]},&quot;link_to&quot;:&quot;file&quot;,&quot;aspect_ratio&quot;:&quot;3:2&quot;,&quot;overlay_background&quot;:&quot;yes&quot;,&quot;content_hover_animation&quot;:&quot;fade-in&quot;}\" data-widget_type=\"gallery.default\">\n\t\t\t\t<div class=\"elementor-widget-container\">\n\t\t\t\t\t\t\t<div class=\"elementor-gallery__container\">\n\t\t\t\t\t\t\t<a class=\"e-gallery-item elementor-gallery-item elementor-animated-content\" href=\"https:\/\/haus-inspektor.com\/wp-content\/uploads\/2024\/01\/WhatsApp-Image-2024-01-30-at-18.27.53-2.jpeg\" data-elementor-open-lightbox=\"yes\" data-elementor-lightbox-slideshow=\"67fcfd0a\" data-elementor-lightbox-title=\"WhatsApp Image 2024-01-30 at 18.27.53 (2)\" data-e-action-hash=\"#elementor-action%3Aaction%3Dlightbox%26settings%3DeyJpZCI6MzM4LCJ1cmwiOiJodHRwczpcL1wvaGF1cy1pbnNwZWt0b3IuY29tXC93cC1jb250ZW50XC91cGxvYWRzXC8yMDI0XC8wMVwvV2hhdHNBcHAtSW1hZ2UtMjAyNC0wMS0zMC1hdC0xOC4yNy41My0yLmpwZWciLCJzbGlkZXNob3ciOiI2N2ZjZmQwYSJ9\">\n\t\t\t\t\t<div class=\"e-gallery-image elementor-gallery-item__image\" data-thumbnail=\"https:\/\/haus-inspektor.com\/wp-content\/uploads\/2024\/01\/WhatsApp-Image-2024-01-30-at-18.27.53-2-225x300.jpeg\" data-width=\"225\" data-height=\"300\" aria-label=\"\" role=\"img\" ><\/div>\n\t\t\t\t\t\t\t\t\t\t\t<div class=\"elementor-gallery-item__overlay\"><\/div>\n\t\t\t\t\t\t\t\t\t\t\t\t\t\t<\/a>\n\t\t\t\t\t\t\t<a class=\"e-gallery-item elementor-gallery-item elementor-animated-content\" href=\"https:\/\/haus-inspektor.com\/wp-content\/uploads\/2024\/01\/WhatsApp-Image-2024-01-30-at-18.27.53-1.jpeg\" data-elementor-open-lightbox=\"yes\" data-elementor-lightbox-slideshow=\"67fcfd0a\" data-elementor-lightbox-title=\"WhatsApp Image 2024-01-30 at 18.27.53 (1)\" data-e-action-hash=\"#elementor-action%3Aaction%3Dlightbox%26settings%3DeyJpZCI6MzM5LCJ1cmwiOiJodHRwczpcL1wvaGF1cy1pbnNwZWt0b3IuY29tXC93cC1jb250ZW50XC91cGxvYWRzXC8yMDI0XC8wMVwvV2hhdHNBcHAtSW1hZ2UtMjAyNC0wMS0zMC1hdC0xOC4yNy41My0xLmpwZWciLCJzbGlkZXNob3ciOiI2N2ZjZmQwYSJ9\">\n\t\t\t\t\t<div class=\"e-gallery-image elementor-gallery-item__image\" data-thumbnail=\"https:\/\/haus-inspektor.com\/wp-content\/uploads\/2024\/01\/WhatsApp-Image-2024-01-30-at-18.27.53-1-225x300.jpeg\" data-width=\"225\" data-height=\"300\" aria-label=\"\" role=\"img\" ><\/div>\n\t\t\t\t\t\t\t\t\t\t\t<div class=\"elementor-gallery-item__overlay\"><\/div>\n\t\t\t\t\t\t\t\t\t\t\t\t\t\t<\/a>\n\t\t\t\t\t\t\t<a class=\"e-gallery-item elementor-gallery-item elementor-animated-content\" href=\"https:\/\/haus-inspektor.com\/wp-content\/uploads\/2024\/01\/WhatsApp-Image-2024-01-30-at-18.27.53.jpeg\" data-elementor-open-lightbox=\"yes\" data-elementor-lightbox-slideshow=\"67fcfd0a\" data-elementor-lightbox-title=\"WhatsApp Image 2024-01-30 at 18.27.53\" data-e-action-hash=\"#elementor-action%3Aaction%3Dlightbox%26settings%3DeyJpZCI6MzQwLCJ1cmwiOiJodHRwczpcL1wvaGF1cy1pbnNwZWt0b3IuY29tXC93cC1jb250ZW50XC91cGxvYWRzXC8yMDI0XC8wMVwvV2hhdHNBcHAtSW1hZ2UtMjAyNC0wMS0zMC1hdC0xOC4yNy41My5qcGVnIiwic2xpZGVzaG93IjoiNjdmY2ZkMGEifQ%3D%3D\">\n\t\t\t\t\t<div class=\"e-gallery-image elementor-gallery-item__image\" data-thumbnail=\"https:\/\/haus-inspektor.com\/wp-content\/uploads\/2024\/01\/WhatsApp-Image-2024-01-30-at-18.27.53-300x225.jpeg\" data-width=\"300\" data-height=\"225\" aria-label=\"\" role=\"img\" ><\/div>\n\t\t\t\t\t\t\t\t\t\t\t<div class=\"elementor-gallery-item__overlay\"><\/div>\n\t\t\t\t\t\t\t\t\t\t\t\t\t\t<\/a>\n\t\t\t\t\t\t\t<a class=\"e-gallery-item elementor-gallery-item elementor-animated-content\" href=\"https:\/\/haus-inspektor.com\/wp-content\/uploads\/2024\/01\/WhatsApp-Image-2024-01-30-at-18.27.52-1.jpeg\" data-elementor-open-lightbox=\"yes\" data-elementor-lightbox-slideshow=\"67fcfd0a\" data-elementor-lightbox-title=\"WhatsApp Image 2024-01-30 at 18.27.52 (1)\" data-e-action-hash=\"#elementor-action%3Aaction%3Dlightbox%26settings%3DeyJpZCI6MzQxLCJ1cmwiOiJodHRwczpcL1wvaGF1cy1pbnNwZWt0b3IuY29tXC93cC1jb250ZW50XC91cGxvYWRzXC8yMDI0XC8wMVwvV2hhdHNBcHAtSW1hZ2UtMjAyNC0wMS0zMC1hdC0xOC4yNy41Mi0xLmpwZWciLCJzbGlkZXNob3ciOiI2N2ZjZmQwYSJ9\">\n\t\t\t\t\t<div class=\"e-gallery-image elementor-gallery-item__image\" data-thumbnail=\"https:\/\/haus-inspektor.com\/wp-content\/uploads\/2024\/01\/WhatsApp-Image-2024-01-30-at-18.27.52-1-225x300.jpeg\" data-width=\"225\" data-height=\"300\" aria-label=\"\" role=\"img\" ><\/div>\n\t\t\t\t\t\t\t\t\t\t\t<div class=\"elementor-gallery-item__overlay\"><\/div>\n\t\t\t\t\t\t\t\t\t\t\t\t\t\t<\/a>\n\t\t\t\t\t\t\t<a class=\"e-gallery-item elementor-gallery-item elementor-animated-content\" href=\"https:\/\/haus-inspektor.com\/wp-content\/uploads\/2024\/01\/WhatsApp-Image-2024-01-30-at-18.27.52.jpeg\" data-elementor-open-lightbox=\"yes\" data-elementor-lightbox-slideshow=\"67fcfd0a\" data-elementor-lightbox-title=\"WhatsApp Image 2024-01-30 at 18.27.52\" data-e-action-hash=\"#elementor-action%3Aaction%3Dlightbox%26settings%3DeyJpZCI6MzQyLCJ1cmwiOiJodHRwczpcL1wvaGF1cy1pbnNwZWt0b3IuY29tXC93cC1jb250ZW50XC91cGxvYWRzXC8yMDI0XC8wMVwvV2hhdHNBcHAtSW1hZ2UtMjAyNC0wMS0zMC1hdC0xOC4yNy41Mi5qcGVnIiwic2xpZGVzaG93IjoiNjdmY2ZkMGEifQ%3D%3D\">\n\t\t\t\t\t<div class=\"e-gallery-image elementor-gallery-item__image\" data-thumbnail=\"https:\/\/haus-inspektor.com\/wp-content\/uploads\/2024\/01\/WhatsApp-Image-2024-01-30-at-18.27.52-225x300.jpeg\" data-width=\"225\" data-height=\"300\" aria-label=\"\" role=\"img\" ><\/div>\n\t\t\t\t\t\t\t\t\t\t\t<div class=\"elementor-gallery-item__overlay\"><\/div>\n\t\t\t\t\t\t\t\t\t\t\t\t\t\t<\/a>\n\t\t\t\t\t\t\t<a class=\"e-gallery-item elementor-gallery-item elementor-animated-content\" href=\"https:\/\/haus-inspektor.com\/wp-content\/uploads\/2024\/01\/WhatsApp-Image-2024-01-30-at-18.27.51.jpeg\" data-elementor-open-lightbox=\"yes\" data-elementor-lightbox-slideshow=\"67fcfd0a\" data-elementor-lightbox-title=\"WhatsApp Image 2024-01-30 at 18.27.51\" data-e-action-hash=\"#elementor-action%3Aaction%3Dlightbox%26settings%3DeyJpZCI6MzQzLCJ1cmwiOiJodHRwczpcL1wvaGF1cy1pbnNwZWt0b3IuY29tXC93cC1jb250ZW50XC91cGxvYWRzXC8yMDI0XC8wMVwvV2hhdHNBcHAtSW1hZ2UtMjAyNC0wMS0zMC1hdC0xOC4yNy41MS5qcGVnIiwic2xpZGVzaG93IjoiNjdmY2ZkMGEifQ%3D%3D\">\n\t\t\t\t\t<div class=\"e-gallery-image elementor-gallery-item__image\" data-thumbnail=\"https:\/\/haus-inspektor.com\/wp-content\/uploads\/2024\/01\/WhatsApp-Image-2024-01-30-at-18.27.51-300x225.jpeg\" data-width=\"300\" data-height=\"225\" aria-label=\"\" role=\"img\" ><\/div>\n\t\t\t\t\t\t\t\t\t\t\t<div class=\"elementor-gallery-item__overlay\"><\/div>\n\t\t\t\t\t\t\t\t\t\t\t\t\t\t<\/a>\n\t\t\t\t\t<\/div>\n\t\t\t\t\t<\/div>\n\t\t\t\t<\/div>\n\t\t\t\t\t<\/div>\n\t\t<\/div>\n\t\t\t\t\t<\/div>\n\t\t<\/section>\n\t\t\t\t\t<\/div>\n\t\t<\/div>\n\t\t\t\t\t<\/div>\n\t\t<\/section>\n\t\t\t\t<section class=\"elementor-section elementor-top-section elementor-element elementor-element-71d71dd3 elementor-section-boxed elementor-section-height-default elementor-section-height-default\" data-id=\"71d71dd3\" data-element_type=\"section\" data-e-type=\"section\">\n\t\t\t\t\t\t<div class=\"elementor-container elementor-column-gap-default\">\n\t\t\t\t\t<div class=\"elementor-column elementor-col-100 elementor-top-column elementor-element elementor-element-581a2471\" data-id=\"581a2471\" data-element_type=\"column\" data-e-type=\"column\" data-settings=\"{&quot;background_background&quot;:&quot;classic&quot;}\">\n\t\t\t<div class=\"elementor-widget-wrap elementor-element-populated\">\n\t\t\t\t\t\t<div class=\"elementor-element elementor-element-308802a4 elementor-widget elementor-widget-heading\" data-id=\"308802a4\" data-element_type=\"widget\" data-e-type=\"widget\" data-widget_type=\"heading.default\">\n\t\t\t\t<div class=\"elementor-widget-container\">\n\t\t\t\t\t<h2 class=\"elementor-heading-title elementor-size-default\">KONTAKTFORMULAR\n\n<\/h2>\t\t\t\t<\/div>\n\t\t\t\t<\/div>\n\t\t\t\t<div class=\"elementor-element elementor-element-6d012e4e elementor-widget elementor-widget-text-editor\" data-id=\"6d012e4e\" data-element_type=\"widget\" data-e-type=\"widget\" data-widget_type=\"text-editor.default\">\n\t\t\t\t<div class=\"elementor-widget-container\">\n\t\t\t\t\t\t\t\t\t<p>Wenn Sie Fragen zu unseren Leistungen und Angeboten haben, k\u00f6nnen Sie das folgende Formular nutzen! Wir werden uns umgehend bei Ihnen melden.<\/p>\t\t\t\t\t\t\t\t<\/div>\n\t\t\t\t<\/div>\n\t\t\t\t<div class=\"elementor-element elementor-element-f06c0c7 elementor-button-align-start elementor-widget elementor-widget-form\" data-id=\"f06c0c7\" data-element_type=\"widget\" data-e-type=\"widget\" data-settings=\"{&quot;step_next_label&quot;:&quot;Next&quot;,&quot;step_previous_label&quot;:&quot;Previous&quot;,&quot;button_width&quot;:&quot;100&quot;,&quot;step_type&quot;:&quot;number_text&quot;,&quot;step_icon_shape&quot;:&quot;circle&quot;}\" data-widget_type=\"form.default\">\n\t\t\t\t<div class=\"elementor-widget-container\">\n\t\t\t\t\t\t\t<form class=\"elementor-form\" method=\"post\" name=\"New Form\">\n\t\t\t<input type=\"hidden\" name=\"post_id\" value=\"216\"\/>\n\t\t\t<input type=\"hidden\" name=\"form_id\" value=\"f06c0c7\"\/>\n\t\t\t<input type=\"hidden\" name=\"referer_title\" value=\"\" \/>\n\n\t\t\t\n\t\t\t<div class=\"elementor-form-fields-wrapper elementor-labels-above\">\n\t\t\t\t\t\t\t\t<div class=\"elementor-field-type-text elementor-field-group elementor-column elementor-field-group-name elementor-col-50\">\n\t\t\t\t\t\t\t\t\t\t\t\t<label for=\"form-field-name\" class=\"elementor-field-label\">\n\t\t\t\t\t\t\t\tName\t\t\t\t\t\t\t<\/label>\n\t\t\t\t\t\t\t\t\t\t\t\t\t\t<input size=\"1\" type=\"text\" name=\"form_fields[name]\" id=\"form-field-name\" class=\"elementor-field elementor-size-sm  elementor-field-textual\" placeholder=\"Name\">\n\t\t\t\t\t\t\t\t\t\t\t<\/div>\n\t\t\t\t\t\t\t\t<div class=\"elementor-field-type-text elementor-field-group elementor-column elementor-field-group-field_7127e91 elementor-col-50\">\n\t\t\t\t\t\t\t\t\t\t\t\t<label for=\"form-field-field_7127e91\" class=\"elementor-field-label\">\n\t\t\t\t\t\t\t\tTelefonnummer\t\t\t\t\t\t\t<\/label>\n\t\t\t\t\t\t\t\t\t\t\t\t\t\t<input size=\"1\" type=\"text\" name=\"form_fields[field_7127e91]\" id=\"form-field-field_7127e91\" class=\"elementor-field elementor-size-sm  elementor-field-textual\" placeholder=\" 0123456789\">\n\t\t\t\t\t\t\t\t\t\t\t<\/div>\n\t\t\t\t\t\t\t\t<div class=\"elementor-field-type-email elementor-field-group elementor-column elementor-field-group-email elementor-col-50 elementor-field-required\">\n\t\t\t\t\t\t\t\t\t\t\t\t<label for=\"form-field-email\" class=\"elementor-field-label\">\n\t\t\t\t\t\t\t\tEmail\t\t\t\t\t\t\t<\/label>\n\t\t\t\t\t\t\t\t\t\t\t\t\t\t<input size=\"1\" type=\"email\" name=\"form_fields[email]\" id=\"form-field-email\" class=\"elementor-field elementor-size-sm  elementor-field-textual\" placeholder=\"hausinspektor@gmail.com\" required=\"required\" aria-required=\"true\">\n\t\t\t\t\t\t\t\t\t\t\t<\/div>\n\t\t\t\t\t\t\t\t<div class=\"elementor-field-type-text elementor-field-group elementor-column elementor-field-group-field_a92f393 elementor-col-50 elementor-field-required\">\n\t\t\t\t\t\t\t\t\t\t\t\t<label for=\"form-field-field_a92f393\" class=\"elementor-field-label\">\n\t\t\t\t\t\t\t\tThema\t\t\t\t\t\t\t<\/label>\n\t\t\t\t\t\t\t\t\t\t\t\t\t\t<input size=\"1\" type=\"text\" name=\"form_fields[field_a92f393]\" id=\"form-field-field_a92f393\" class=\"elementor-field elementor-size-sm  elementor-field-textual\" placeholder=\"Thema\" required=\"required\" aria-required=\"true\">\n\t\t\t\t\t\t\t\t\t\t\t<\/div>\n\t\t\t\t\t\t\t\t<div class=\"elementor-field-type-textarea elementor-field-group elementor-column elementor-field-group-message elementor-col-100\">\n\t\t\t\t\t<textarea class=\"elementor-field-textual elementor-field  elementor-size-sm\" name=\"form_fields[message]\" id=\"form-field-message\" rows=\"4\" placeholder=\"Details Zur Anfrage\"><\/textarea>\t\t\t\t<\/div>\n\t\t\t\t\t\t\t\t<div class=\"elementor-field-group elementor-column elementor-field-type-submit elementor-col-100 e-form__buttons\">\n\t\t\t\t\t<button type=\"submit\" class=\"elementor-button elementor-size-sm\">\n\t\t\t\t\t\t<span >\n\t\t\t\t\t\t\t\t\t\t\t\t\t\t\t<span class=\" elementor-button-icon\">\n\t\t\t\t\t\t\t\t\t\t\t\t\t\t\t\t\t\t\t\t\t\t\t\t\t\t<\/span>\n\t\t\t\t\t\t\t\t\t\t\t\t\t\t\t\t\t\t\t\t\t\t<span class=\"elementor-button-text\">Jetzt absenden<\/span>\n\t\t\t\t\t\t\t\t\t\t\t\t\t<\/span>\n\t\t\t\t\t<\/button>\n\t\t\t\t<\/div>\n\t\t\t<\/div>\n\t\t<\/form>\n\t\t\t\t\t\t<\/div>\n\t\t\t\t<\/div>\n\t\t\t\t\t<\/div>\n\t\t<\/div>\n\t\t\t\t\t<\/div>\n\t\t<\/section>\n\t\t\t\t<\/div>\n\t\t","protected":false},"excerpt":{"rendered":"<p>Objektive Gutachten und Beweissicherung Objektive Gutachten und Beweissicherung In s\u00e4mtlichen Phasen Ihres Bauprojekts unterst\u00fctze ich Sie mit pr\u00e4zisen Gutachten und zuverl\u00e4ssiger Beweissicherung. Meine Expertise zielt darauf ab, sicherzustellen, dass Ihr Vorhaben h\u00f6chsten Standards entspricht. KONTAKTFORMULAR Wenn Sie Fragen zu unseren Leistungen und Angeboten haben, k\u00f6nnen Sie das folgende Formular nutzen! Wir werden uns umgehend bei [&hellip;]<\/p>\n","protected":false},"author":1,"featured_media":0,"parent":0,"menu_order":0,"comment_status":"closed","ping_status":"closed","template":"elementor_header_footer","meta":{"footnotes":""},"class_list":["post-216","page","type-page","status-publish","hentry"],"_links":{"self":[{"href":"https:\/\/haus-inspektor.com\/index.php\/wp-json\/wp\/v2\/pages\/216","targetHints":{"allow":["GET"]}}],"collection":[{"href":"https:\/\/haus-inspektor.com\/index.php\/wp-json\/wp\/v2\/pages"}],"about":[{"href":"https:\/\/haus-inspektor.com\/index.php\/wp-json\/wp\/v2\/types\/page"}],"author":[{"embeddable":true,"href":"https:\/\/haus-inspektor.com\/index.php\/wp-json\/wp\/v2\/users\/1"}],"replies":[{"embeddable":true,"href":"https:\/\/haus-inspektor.com\/index.php\/wp-json\/wp\/v2\/comments?post=216"}],"version-history":[{"count":16,"href":"https:\/\/haus-inspektor.com\/index.php\/wp-json\/wp\/v2\/pages\/216\/revisions"}],"predecessor-version":[{"id":411,"href":"https:\/\/haus-inspektor.com\/index.php\/wp-json\/wp\/v2\/pages\/216\/revisions\/411"}],"wp:attachment":[{"href":"https:\/\/haus-inspektor.com\/index.php\/wp-json\/wp\/v2\/media?parent=216"}],"curies":[{"name":"wp","href":"https:\/\/api.w.org\/{rel}","templated":true}]}}