{"id":219,"date":"2024-01-26T12:27:48","date_gmt":"2024-01-26T12:27:48","guid":{"rendered":"http:\/\/haus-inspektor.com\/?page_id=219"},"modified":"2024-02-08T07:18:40","modified_gmt":"2024-02-08T07:18:40","slug":"uber-mich","status":"publish","type":"page","link":"https:\/\/haus-inspektor.com\/index.php\/uber-mich\/","title":{"rendered":"\u00dcber mich"},"content":{"rendered":"\t\t<div data-elementor-type=\"wp-page\" data-elementor-id=\"219\" class=\"elementor elementor-219\" data-elementor-post-type=\"page\">\n\t\t\t\t\t\t<section class=\"elementor-section elementor-top-section elementor-element elementor-element-379e2a8 elementor-section-boxed elementor-section-height-default elementor-section-height-default\" data-id=\"379e2a8\" data-element_type=\"section\" data-e-type=\"section\" data-settings=\"{&quot;background_background&quot;:&quot;classic&quot;}\">\n\t\t\t\t\t\t\t<div class=\"elementor-background-overlay\"><\/div>\n\t\t\t\t\t\t\t<div class=\"elementor-container elementor-column-gap-default\">\n\t\t\t\t\t<div class=\"elementor-column elementor-col-100 elementor-top-column elementor-element elementor-element-84ca051\" data-id=\"84ca051\" data-element_type=\"column\" data-e-type=\"column\">\n\t\t\t<div class=\"elementor-widget-wrap elementor-element-populated\">\n\t\t\t\t\t\t<section class=\"elementor-section elementor-inner-section elementor-element elementor-element-326c1f0 elementor-section-boxed elementor-section-height-default elementor-section-height-default\" data-id=\"326c1f0\" data-element_type=\"section\" data-e-type=\"section\">\n\t\t\t\t\t\t<div class=\"elementor-container elementor-column-gap-default\">\n\t\t\t\t\t<div class=\"elementor-column elementor-col-100 elementor-inner-column elementor-element elementor-element-c18d6ee\" data-id=\"c18d6ee\" data-element_type=\"column\" data-e-type=\"column\">\n\t\t\t<div class=\"elementor-widget-wrap elementor-element-populated\">\n\t\t\t\t\t\t<div class=\"elementor-element elementor-element-cef9287 elementor-widget elementor-widget-heading\" data-id=\"cef9287\" data-element_type=\"widget\" data-e-type=\"widget\" data-widget_type=\"heading.default\">\n\t\t\t\t<div class=\"elementor-widget-container\">\n\t\t\t\t\t<h2 class=\"elementor-heading-title elementor-size-default\">\u00dcber mich<\/h2>\t\t\t\t<\/div>\n\t\t\t\t<\/div>\n\t\t\t\t\t<\/div>\n\t\t<\/div>\n\t\t\t\t\t<\/div>\n\t\t<\/section>\n\t\t\t\t<div class=\"elementor-element elementor-element-49c0bd3 elementor-absolute elementor-widget elementor-widget-image\" data-id=\"49c0bd3\" data-element_type=\"widget\" data-e-type=\"widget\" data-settings=\"{&quot;_position&quot;:&quot;absolute&quot;}\" data-widget_type=\"image.default\">\n\t\t\t\t<div class=\"elementor-widget-container\">\n\t\t\t\t\t\t\t\t\t\t\t\t\t\t\t<img decoding=\"async\" width=\"24\" height=\"14\" src=\"https:\/\/haus-inspektor.com\/wp-content\/uploads\/2023\/12\/01.png\" class=\"attachment-large size-large wp-image-171\" alt=\"\" \/>\t\t\t\t\t\t\t\t\t\t\t\t\t\t\t<\/div>\n\t\t\t\t<\/div>\n\t\t\t\t\t<\/div>\n\t\t<\/div>\n\t\t\t\t\t<\/div>\n\t\t<\/section>\n\t\t\t\t<section class=\"elementor-section elementor-top-section elementor-element elementor-element-e43a877 elementor-section-boxed elementor-section-height-default elementor-section-height-default\" data-id=\"e43a877\" data-element_type=\"section\" data-e-type=\"section\" data-settings=\"{&quot;background_background&quot;:&quot;classic&quot;}\">\n\t\t\t\t\t\t<div class=\"elementor-container elementor-column-gap-no\">\n\t\t\t\t\t<div class=\"elementor-column elementor-col-100 elementor-top-column elementor-element elementor-element-43d46a8\" data-id=\"43d46a8\" data-element_type=\"column\" data-e-type=\"column\" data-settings=\"{&quot;background_background&quot;:&quot;classic&quot;}\">\n\t\t\t<div class=\"elementor-widget-wrap elementor-element-populated\">\n\t\t\t\t\t\t<div class=\"elementor-element elementor-element-a0c1337 elementor-absolute elementor-hidden-tablet elementor-hidden-mobile elementor-widget elementor-widget-image\" data-id=\"a0c1337\" data-element_type=\"widget\" data-e-type=\"widget\" data-settings=\"{&quot;_position&quot;:&quot;absolute&quot;}\" data-widget_type=\"image.default\">\n\t\t\t\t<div class=\"elementor-widget-container\">\n\t\t\t\t\t\t\t\t\t\t\t\t\t\t\t<img decoding=\"async\" width=\"800\" height=\"7\" src=\"https:\/\/haus-inspektor.com\/wp-content\/uploads\/2023\/12\/Group-1413371882-1024x9.png\" class=\"attachment-large size-large wp-image-38\" alt=\"\" srcset=\"https:\/\/haus-inspektor.com\/wp-content\/uploads\/2023\/12\/Group-1413371882-1024x9.png 1024w, https:\/\/haus-inspektor.com\/wp-content\/uploads\/2023\/12\/Group-1413371882-300x3.png 300w, https:\/\/haus-inspektor.com\/wp-content\/uploads\/2023\/12\/Group-1413371882-768x7.png 768w, https:\/\/haus-inspektor.com\/wp-content\/uploads\/2023\/12\/Group-1413371882-1536x14.png 1536w, https:\/\/haus-inspektor.com\/wp-content\/uploads\/2023\/12\/Group-1413371882.png 1760w\" sizes=\"(max-width: 800px) 100vw, 800px\" \/>\t\t\t\t\t\t\t\t\t\t\t\t\t\t\t<\/div>\n\t\t\t\t<\/div>\n\t\t\t\t<div class=\"elementor-element elementor-element-20756e6 elementor-absolute e-transform elementor-hidden-tablet elementor-hidden-mobile elementor-widget elementor-widget-image\" data-id=\"20756e6\" data-element_type=\"widget\" data-e-type=\"widget\" data-settings=\"{&quot;_position&quot;:&quot;absolute&quot;,&quot;_transform_rotateZ_effect&quot;:{&quot;unit&quot;:&quot;px&quot;,&quot;size&quot;:180,&quot;sizes&quot;:[]},&quot;_transform_rotateZ_effect_tablet&quot;:{&quot;unit&quot;:&quot;deg&quot;,&quot;size&quot;:&quot;&quot;,&quot;sizes&quot;:[]},&quot;_transform_rotateZ_effect_mobile&quot;:{&quot;unit&quot;:&quot;deg&quot;,&quot;size&quot;:&quot;&quot;,&quot;sizes&quot;:[]}}\" data-widget_type=\"image.default\">\n\t\t\t\t<div class=\"elementor-widget-container\">\n\t\t\t\t\t\t\t\t\t\t\t\t\t\t\t<img decoding=\"async\" width=\"800\" height=\"7\" src=\"https:\/\/haus-inspektor.com\/wp-content\/uploads\/2023\/12\/Group-1413371882-1024x9.png\" class=\"attachment-large size-large wp-image-38\" alt=\"\" srcset=\"https:\/\/haus-inspektor.com\/wp-content\/uploads\/2023\/12\/Group-1413371882-1024x9.png 1024w, https:\/\/haus-inspektor.com\/wp-content\/uploads\/2023\/12\/Group-1413371882-300x3.png 300w, https:\/\/haus-inspektor.com\/wp-content\/uploads\/2023\/12\/Group-1413371882-768x7.png 768w, https:\/\/haus-inspektor.com\/wp-content\/uploads\/2023\/12\/Group-1413371882-1536x14.png 1536w, https:\/\/haus-inspektor.com\/wp-content\/uploads\/2023\/12\/Group-1413371882.png 1760w\" sizes=\"(max-width: 800px) 100vw, 800px\" \/>\t\t\t\t\t\t\t\t\t\t\t\t\t\t\t<\/div>\n\t\t\t\t<\/div>\n\t\t\t\t<section class=\"elementor-section elementor-inner-section elementor-element elementor-element-b87a695 elementor-section-boxed elementor-section-height-default elementor-section-height-default\" data-id=\"b87a695\" data-element_type=\"section\" data-e-type=\"section\">\n\t\t\t\t\t\t<div class=\"elementor-container elementor-column-gap-default\">\n\t\t\t\t\t<div class=\"elementor-column elementor-col-50 elementor-inner-column elementor-element elementor-element-5e5f62e\" data-id=\"5e5f62e\" data-element_type=\"column\" data-e-type=\"column\">\n\t\t\t<div class=\"elementor-widget-wrap elementor-element-populated\">\n\t\t\t\t\t\t<div class=\"elementor-element elementor-element-18a191d elementor-widget elementor-widget-heading\" data-id=\"18a191d\" data-element_type=\"widget\" data-e-type=\"widget\" data-widget_type=\"heading.default\">\n\t\t\t\t<div class=\"elementor-widget-container\">\n\t\t\t\t\t<h2 class=\"elementor-heading-title elementor-size-default\">\u00dcber mich<\/h2>\t\t\t\t<\/div>\n\t\t\t\t<\/div>\n\t\t\t\t\t<\/div>\n\t\t<\/div>\n\t\t\t\t<div class=\"elementor-column elementor-col-50 elementor-inner-column elementor-element elementor-element-b8b4c91\" data-id=\"b8b4c91\" data-element_type=\"column\" data-e-type=\"column\">\n\t\t\t<div class=\"elementor-widget-wrap elementor-element-populated\">\n\t\t\t\t\t\t<div class=\"elementor-element elementor-element-8584ec4 elementor-widget elementor-widget-text-editor\" data-id=\"8584ec4\" data-element_type=\"widget\" data-e-type=\"widget\" data-widget_type=\"text-editor.default\">\n\t\t\t\t<div class=\"elementor-widget-container\">\n\t\t\t\t\t\t\t\t\t<p>Mein Name ist Christian Tiddia, geboren am 22.11.1977 in Ludwigsburg. Mit \u00fcber 24 Jahren<br \/>Erfahrung im Bauwesen bin ich als anerkannter Handwerksmeister der Handwerkskammer und<br \/>zertifizierter Sachverst\u00e4ndiger Ihr verl\u00e4sslicher Partner auf dem Weg zu Ihrer perfekten Immobilie.<br \/>Neben meiner T\u00e4tigkeit als Sachverst\u00e4ndiger und Gutachter stehe ich Ihnen nicht nur bei der<br \/>Beweissicherung, sondern auch beratend bei s\u00e4mtlichen Fragen rund um Ihre Immobilie zur Seite.<\/p><p>Meine Mission besteht darin, Ihnen objektive, sachliche und pr\u00e4zise Expertise zu bieten, damit Sie<br \/>fundierte Entscheidungen treffen k\u00f6nnen.<\/p>\t\t\t\t\t\t\t\t<\/div>\n\t\t\t\t<\/div>\n\t\t\t\t\t<\/div>\n\t\t<\/div>\n\t\t\t\t\t<\/div>\n\t\t<\/section>\n\t\t\t\t<section class=\"elementor-section elementor-inner-section elementor-element elementor-element-3bad97f elementor-section-boxed elementor-section-height-default elementor-section-height-default\" data-id=\"3bad97f\" data-element_type=\"section\" data-e-type=\"section\">\n\t\t\t\t\t\t<div class=\"elementor-container elementor-column-gap-no\">\n\t\t\t\t\t<div class=\"elementor-column elementor-col-50 elementor-inner-column elementor-element elementor-element-0a8c485\" data-id=\"0a8c485\" data-element_type=\"column\" data-e-type=\"column\">\n\t\t\t<div class=\"elementor-widget-wrap elementor-element-populated\">\n\t\t\t\t\t\t<div class=\"elementor-element elementor-element-284a10c elementor-widget elementor-widget-image\" data-id=\"284a10c\" data-element_type=\"widget\" data-e-type=\"widget\" data-widget_type=\"image.default\">\n\t\t\t\t<div class=\"elementor-widget-container\">\n\t\t\t\t\t\t\t\t\t\t\t\t\t\t\t<img fetchpriority=\"high\" decoding=\"async\" width=\"681\" height=\"1024\" src=\"https:\/\/haus-inspektor.com\/wp-content\/uploads\/2024\/01\/WhatsApp-Image-2024-01-30-at-18.27.54-681x1024.jpeg\" class=\"attachment-large size-large wp-image-348\" alt=\"\" srcset=\"https:\/\/haus-inspektor.com\/wp-content\/uploads\/2024\/01\/WhatsApp-Image-2024-01-30-at-18.27.54-681x1024.jpeg 681w, https:\/\/haus-inspektor.com\/wp-content\/uploads\/2024\/01\/WhatsApp-Image-2024-01-30-at-18.27.54-200x300.jpeg 200w, https:\/\/haus-inspektor.com\/wp-content\/uploads\/2024\/01\/WhatsApp-Image-2024-01-30-at-18.27.54-768x1155.jpeg 768w, https:\/\/haus-inspektor.com\/wp-content\/uploads\/2024\/01\/WhatsApp-Image-2024-01-30-at-18.27.54-1021x1536.jpeg 1021w, https:\/\/haus-inspektor.com\/wp-content\/uploads\/2024\/01\/WhatsApp-Image-2024-01-30-at-18.27.54.jpeg 1064w\" sizes=\"(max-width: 681px) 100vw, 681px\" \/>\t\t\t\t\t\t\t\t\t\t\t\t\t\t\t<\/div>\n\t\t\t\t<\/div>\n\t\t\t\t<div class=\"elementor-element elementor-element-2bbce51 elementor-widget elementor-widget-spacer\" data-id=\"2bbce51\" data-element_type=\"widget\" data-e-type=\"widget\" data-widget_type=\"spacer.default\">\n\t\t\t\t<div class=\"elementor-widget-container\">\n\t\t\t\t\t\t\t<div class=\"elementor-spacer\">\n\t\t\t<div class=\"elementor-spacer-inner\"><\/div>\n\t\t<\/div>\n\t\t\t\t\t\t<\/div>\n\t\t\t\t<\/div>\n\t\t\t\t\t<\/div>\n\t\t<\/div>\n\t\t\t\t<div class=\"elementor-column elementor-col-50 elementor-inner-column elementor-element elementor-element-78956ef\" data-id=\"78956ef\" data-element_type=\"column\" data-e-type=\"column\">\n\t\t\t<div class=\"elementor-widget-wrap elementor-element-populated\">\n\t\t\t\t\t\t<div class=\"elementor-element elementor-element-65e556e elementor-absolute elementor-hidden-tablet elementor-hidden-mobile elementor-widget elementor-widget-image\" data-id=\"65e556e\" data-element_type=\"widget\" data-e-type=\"widget\" data-settings=\"{&quot;_position&quot;:&quot;absolute&quot;}\" data-widget_type=\"image.default\">\n\t\t\t\t<div class=\"elementor-widget-container\">\n\t\t\t\t\t\t\t\t\t\t\t\t\t\t\t<img loading=\"lazy\" decoding=\"async\" width=\"800\" height=\"539\" src=\"https:\/\/haus-inspektor.com\/wp-content\/uploads\/2023\/12\/image-5.png\" class=\"attachment-large size-large wp-image-89\" alt=\"\" srcset=\"https:\/\/haus-inspektor.com\/wp-content\/uploads\/2023\/12\/image-5.png 990w, https:\/\/haus-inspektor.com\/wp-content\/uploads\/2023\/12\/image-5-300x202.png 300w, https:\/\/haus-inspektor.com\/wp-content\/uploads\/2023\/12\/image-5-768x517.png 768w\" sizes=\"(max-width: 800px) 100vw, 800px\" \/>\t\t\t\t\t\t\t\t\t\t\t\t\t\t\t<\/div>\n\t\t\t\t<\/div>\n\t\t\t\t\t<\/div>\n\t\t<\/div>\n\t\t\t\t\t<\/div>\n\t\t<\/section>\n\t\t\t\t\t<\/div>\n\t\t<\/div>\n\t\t\t\t\t<\/div>\n\t\t<\/section>\n\t\t\t\t<section class=\"elementor-section elementor-top-section elementor-element elementor-element-183a6eaf elementor-section-boxed elementor-section-height-default elementor-section-height-default\" data-id=\"183a6eaf\" data-element_type=\"section\" data-e-type=\"section\" id=\"kontakt\">\n\t\t\t\t\t\t<div class=\"elementor-container elementor-column-gap-default\">\n\t\t\t\t\t<div class=\"elementor-column elementor-col-100 elementor-top-column elementor-element elementor-element-3f4c11f9\" data-id=\"3f4c11f9\" data-element_type=\"column\" data-e-type=\"column\" data-settings=\"{&quot;background_background&quot;:&quot;classic&quot;}\">\n\t\t\t<div class=\"elementor-widget-wrap elementor-element-populated\">\n\t\t\t\t\t\t<div class=\"elementor-element elementor-element-6bb05e69 elementor-widget elementor-widget-heading\" data-id=\"6bb05e69\" data-element_type=\"widget\" data-e-type=\"widget\" data-widget_type=\"heading.default\">\n\t\t\t\t<div class=\"elementor-widget-container\">\n\t\t\t\t\t<h2 class=\"elementor-heading-title elementor-size-default\">KONTAKTFORMULAR\n\n<\/h2>\t\t\t\t<\/div>\n\t\t\t\t<\/div>\n\t\t\t\t<div class=\"elementor-element elementor-element-5c5128c elementor-widget elementor-widget-text-editor\" data-id=\"5c5128c\" data-element_type=\"widget\" data-e-type=\"widget\" data-widget_type=\"text-editor.default\">\n\t\t\t\t<div class=\"elementor-widget-container\">\n\t\t\t\t\t\t\t\t\t<p>Wenn Sie Fragen zu unseren Leistungen und Angeboten haben, k\u00f6nnen Sie das folgende Formular nutzen! Wir werden uns umgehend bei Ihnen melden.<\/p>\t\t\t\t\t\t\t\t<\/div>\n\t\t\t\t<\/div>\n\t\t\t\t<div class=\"elementor-element elementor-element-5ad94940 elementor-button-align-start elementor-widget elementor-widget-form\" data-id=\"5ad94940\" data-element_type=\"widget\" data-e-type=\"widget\" data-settings=\"{&quot;step_next_label&quot;:&quot;Next&quot;,&quot;step_previous_label&quot;:&quot;Previous&quot;,&quot;button_width&quot;:&quot;100&quot;,&quot;step_type&quot;:&quot;number_text&quot;,&quot;step_icon_shape&quot;:&quot;circle&quot;}\" data-widget_type=\"form.default\">\n\t\t\t\t<div class=\"elementor-widget-container\">\n\t\t\t\t\t\t\t<form class=\"elementor-form\" method=\"post\" name=\"New Form\">\n\t\t\t<input type=\"hidden\" name=\"post_id\" value=\"219\"\/>\n\t\t\t<input type=\"hidden\" name=\"form_id\" value=\"5ad94940\"\/>\n\t\t\t<input type=\"hidden\" name=\"referer_title\" value=\"\" \/>\n\n\t\t\t\n\t\t\t<div class=\"elementor-form-fields-wrapper elementor-labels-above\">\n\t\t\t\t\t\t\t\t<div class=\"elementor-field-type-text elementor-field-group elementor-column elementor-field-group-name elementor-col-50\">\n\t\t\t\t\t\t\t\t\t\t\t\t<label for=\"form-field-name\" class=\"elementor-field-label\">\n\t\t\t\t\t\t\t\tName\t\t\t\t\t\t\t<\/label>\n\t\t\t\t\t\t\t\t\t\t\t\t\t\t<input size=\"1\" type=\"text\" name=\"form_fields[name]\" id=\"form-field-name\" class=\"elementor-field elementor-size-sm  elementor-field-textual\" placeholder=\"Name\">\n\t\t\t\t\t\t\t\t\t\t\t<\/div>\n\t\t\t\t\t\t\t\t<div class=\"elementor-field-type-text elementor-field-group elementor-column elementor-field-group-field_7127e91 elementor-col-50\">\n\t\t\t\t\t\t\t\t\t\t\t\t<label for=\"form-field-field_7127e91\" class=\"elementor-field-label\">\n\t\t\t\t\t\t\t\tTelefonnummer\t\t\t\t\t\t\t<\/label>\n\t\t\t\t\t\t\t\t\t\t\t\t\t\t<input size=\"1\" type=\"text\" name=\"form_fields[field_7127e91]\" id=\"form-field-field_7127e91\" class=\"elementor-field elementor-size-sm  elementor-field-textual\" placeholder=\" 0123456789\">\n\t\t\t\t\t\t\t\t\t\t\t<\/div>\n\t\t\t\t\t\t\t\t<div class=\"elementor-field-type-email elementor-field-group elementor-column elementor-field-group-email elementor-col-50 elementor-field-required\">\n\t\t\t\t\t\t\t\t\t\t\t\t<label for=\"form-field-email\" class=\"elementor-field-label\">\n\t\t\t\t\t\t\t\tEmail\t\t\t\t\t\t\t<\/label>\n\t\t\t\t\t\t\t\t\t\t\t\t\t\t<input size=\"1\" type=\"email\" name=\"form_fields[email]\" id=\"form-field-email\" class=\"elementor-field elementor-size-sm  elementor-field-textual\" placeholder=\"hausinspektor@gmail.com\" required=\"required\" aria-required=\"true\">\n\t\t\t\t\t\t\t\t\t\t\t<\/div>\n\t\t\t\t\t\t\t\t<div class=\"elementor-field-type-text elementor-field-group elementor-column elementor-field-group-field_a92f393 elementor-col-50 elementor-field-required\">\n\t\t\t\t\t\t\t\t\t\t\t\t<label for=\"form-field-field_a92f393\" class=\"elementor-field-label\">\n\t\t\t\t\t\t\t\tThema\t\t\t\t\t\t\t<\/label>\n\t\t\t\t\t\t\t\t\t\t\t\t\t\t<input size=\"1\" type=\"text\" name=\"form_fields[field_a92f393]\" id=\"form-field-field_a92f393\" class=\"elementor-field elementor-size-sm  elementor-field-textual\" required=\"required\" aria-required=\"true\">\n\t\t\t\t\t\t\t\t\t\t\t<\/div>\n\t\t\t\t\t\t\t\t<div class=\"elementor-field-type-textarea elementor-field-group elementor-column elementor-field-group-message elementor-col-100\">\n\t\t\t\t\t<textarea class=\"elementor-field-textual elementor-field  elementor-size-sm\" name=\"form_fields[message]\" id=\"form-field-message\" rows=\"4\" placeholder=\"Details Zur Anfrage\"><\/textarea>\t\t\t\t<\/div>\n\t\t\t\t\t\t\t\t<div class=\"elementor-field-group elementor-column elementor-field-type-submit elementor-col-100 e-form__buttons\">\n\t\t\t\t\t<button type=\"submit\" class=\"elementor-button elementor-size-sm\">\n\t\t\t\t\t\t<span >\n\t\t\t\t\t\t\t\t\t\t\t\t\t\t\t<span class=\" elementor-button-icon\">\n\t\t\t\t\t\t\t\t\t\t\t\t\t\t\t\t\t\t\t\t\t\t\t\t\t\t<\/span>\n\t\t\t\t\t\t\t\t\t\t\t\t\t\t\t\t\t\t\t\t\t\t<span class=\"elementor-button-text\">Anfrage absenden<\/span>\n\t\t\t\t\t\t\t\t\t\t\t\t\t<\/span>\n\t\t\t\t\t<\/button>\n\t\t\t\t<\/div>\n\t\t\t<\/div>\n\t\t<\/form>\n\t\t\t\t\t\t<\/div>\n\t\t\t\t<\/div>\n\t\t\t\t\t<\/div>\n\t\t<\/div>\n\t\t\t\t\t<\/div>\n\t\t<\/section>\n\t\t\t\t<\/div>\n\t\t","protected":false},"excerpt":{"rendered":"<p>\u00dcber mich \u00dcber mich Mein Name ist Christian Tiddia, geboren am 22.11.1977 in Ludwigsburg. Mit \u00fcber 24 JahrenErfahrung im Bauwesen bin ich als anerkannter Handwerksmeister der Handwerkskammer undzertifizierter Sachverst\u00e4ndiger Ihr verl\u00e4sslicher Partner auf dem Weg zu Ihrer perfekten Immobilie.Neben meiner T\u00e4tigkeit als Sachverst\u00e4ndiger und Gutachter stehe ich Ihnen nicht nur bei derBeweissicherung, sondern auch beratend [&hellip;]<\/p>\n","protected":false},"author":1,"featured_media":0,"parent":0,"menu_order":0,"comment_status":"closed","ping_status":"closed","template":"elementor_header_footer","meta":{"footnotes":""},"class_list":["post-219","page","type-page","status-publish","hentry"],"_links":{"self":[{"href":"https:\/\/haus-inspektor.com\/index.php\/wp-json\/wp\/v2\/pages\/219","targetHints":{"allow":["GET"]}}],"collection":[{"href":"https:\/\/haus-inspektor.com\/index.php\/wp-json\/wp\/v2\/pages"}],"about":[{"href":"https:\/\/haus-inspektor.com\/index.php\/wp-json\/wp\/v2\/types\/page"}],"author":[{"embeddable":true,"href":"https:\/\/haus-inspektor.com\/index.php\/wp-json\/wp\/v2\/users\/1"}],"replies":[{"embeddable":true,"href":"https:\/\/haus-inspektor.com\/index.php\/wp-json\/wp\/v2\/comments?post=219"}],"version-history":[{"count":22,"href":"https:\/\/haus-inspektor.com\/index.php\/wp-json\/wp\/v2\/pages\/219\/revisions"}],"predecessor-version":[{"id":399,"href":"https:\/\/haus-inspektor.com\/index.php\/wp-json\/wp\/v2\/pages\/219\/revisions\/399"}],"wp:attachment":[{"href":"https:\/\/haus-inspektor.com\/index.php\/wp-json\/wp\/v2\/media?parent=219"}],"curies":[{"name":"wp","href":"https:\/\/api.w.org\/{rel}","templated":true}]}}